{"id":29,"date":"2011-12-23T00:07:27","date_gmt":"2011-12-23T00:07:27","guid":{"rendered":"http:\/\/www.elautbaumont.sk\/?page_id=29"},"modified":"2011-12-23T00:07:27","modified_gmt":"2011-12-23T00:07:27","slug":"projektovanie-3","status":"publish","type":"page","link":"https:\/\/www.ebau.sk\/?page_id=29","title":{"rendered":"Projektovanie"},"content":{"rendered":"<p>Ak pl\u00e1nujeme obnovu bytov\u00e9ho domu, \u010di u\u017e naraz alebo po etap\u00e1ch, nesmieme zabudn\u00fa\u0165 na projekt obnovy bytov\u00e9ho domu. V projekte s\u00fa vy\u0161pecifikovan\u00e9 pou\u017eit\u00e9 materi\u00e1ly, ich parametre, skladba, hr\u00fabky, mno\u017estvo a predp\u00edsan\u00e9 technol\u00f3gie. O projekt sa m\u00f4\u017eete opiera\u0165 po\u010das realiz\u00e1cie stavby, kedy je mo\u017en\u00e1 kontrola technologick\u00e9ho postupu a pou\u017eit\u00fdch materi\u00e1lov. Projekt obsahuje aj v\u00fdpo\u010det tepeln\u00fdch \u00faspor.<\/p>\n<p>Pon\u00fakame vypracovanie projektovej dokument\u00e1cie, odborn\u00e9ho posudku a \u017eiadosti o poskytnutie dot\u00e1cie na odstr\u00e1nenie syst\u00e9mov\u00fdch por\u00fach bytov\u00fdch domov v zmysle v\u00fdnosu V-1\/2007 <a href=\"http:\/\/www.build.gov.sk\/\">Ministerstva v\u00fdstavby a region\u00e1lneho rozvoja<\/a>.\u00a0Projekt sa pou\u017e\u00edva aj ako pr\u00edloha k \u017eiadosti o \u00faver na obnovu bytov\u00e9ho domu zo \u0160t\u00e1tneho fondu rozvoja b\u00fdvania.<\/p>\n<p>Projektov\u00e1 dokument\u00e1cia pre stavebn\u00e9 povolenie obsahuje:<\/p>\n<ul>\n<li>architektonicko stavebn\u00e9 rie\u0161enie<\/li>\n<li>tepelnotechnick\u00fd posudok\n<ul>\n<li>v\u00fdpo\u010det hr\u00fabky tepelnoizola\u010dn\u00fdch dosiek<\/li>\n<li>v\u00fdpo\u010det \u00faspor energie<\/li>\n<\/ul>\n<\/li>\n<li>statick\u00fd posudok\n<ul>\n<li>v\u00fdpo\u010dty pre ur\u010denie kotvenia tepelnoizola\u010dn\u00fdch dosiek<\/li>\n<li>odstr\u00e1nenie syst\u00e9mov\u00fdch por\u00fach<\/li>\n<li>v\u00fdpo\u010dty pri dodato\u010dnom\u00a0zamurovan\u00ed schodiskov\u00fdch presklenn\u00fdch pl\u00f4ch<\/li>\n<\/ul>\n<\/li>\n<li>elektroin\u0161tal\u00e1cia &#8211; hromozvod<\/li>\n<li>po\u017eiarna ochrana<\/li>\n<li>pl\u00e1n organiz\u00e1cie v\u00fdstavby<\/li>\n<li>rozpo\u010det stavby<\/li>\n<li>v\u00fdkaz v\u00fdmer pre v\u00fdber dod\u00e1vate\u013ea obnovy bytov\u00e9ho domu (rozpo\u010det bez\u00a0cien)<\/li>\n<\/ul>\n<p><a title=\"Kontakt\" href=\"http:\/\/www.elautbaumont.sk\/kontakt\">Kontaktujte n\u00e1s<\/a> a radi v\u00e1m poskytneme viac inform\u00e1ci\u00ed.<\/p>\n","protected":false},"excerpt":{"rendered":"<p>Ak pl\u00e1nujeme obnovu bytov\u00e9ho domu, \u010di u\u017e naraz alebo po etap\u00e1ch, nesmieme zabudn\u00fa\u0165 na projekt obnovy bytov\u00e9ho domu. V projekte s\u00fa vy\u0161pecifikovan\u00e9 pou\u017eit\u00e9 materi\u00e1ly, ich parametre, skladba, hr\u00fabky, mno\u017estvo a predp\u00edsan\u00e9 technol\u00f3gie. O projekt sa m\u00f4\u017eete opiera\u0165 po\u010das realiz\u00e1cie stavby, kedy je mo\u017en\u00e1 kontrola technologick\u00e9ho postupu a pou\u017eit\u00fdch materi\u00e1lov. Projekt obsahuje aj v\u00fdpo\u010det tepeln\u00fdch \u00faspor. [&hellip;]<\/p>\n","protected":false},"author":1,"featured_media":0,"parent":0,"menu_order":0,"comment_status":"closed","ping_status":"closed","template":"","meta":{"_monsterinsights_skip_tracking":false,"_monsterinsights_sitenote_active":false,"_monsterinsights_sitenote_note":"","_monsterinsights_sitenote_category":0,"footnotes":""},"class_list":["post-29","page","type-page","status-publish","hentry"],"yoast_head":"<!-- This site is optimized with the Yoast SEO plugin v26.1.1 - https:\/\/yoast.com\/wordpress\/plugins\/seo\/ -->\n<title>Projektovanie - ebau.sk zatep\u013eovanie budov<\/title>\n<meta name=\"robots\" content=\"index, follow, max-snippet:-1, max-image-preview:large, max-video-preview:-1\" \/>\n<link rel=\"canonical\" href=\"https:\/\/www.ebau.sk\/?page_id=29\" \/>\n<meta property=\"og:locale\" content=\"sk_SK\" \/>\n<meta property=\"og:type\" content=\"article\" \/>\n<meta property=\"og:title\" content=\"Projektovanie - ebau.sk zatep\u013eovanie budov\" \/>\n<meta property=\"og:description\" content=\"Ak pl\u00e1nujeme obnovu bytov\u00e9ho domu, \u010di u\u017e naraz alebo po etap\u00e1ch, nesmieme zabudn\u00fa\u0165 na projekt obnovy bytov\u00e9ho domu. V projekte s\u00fa vy\u0161pecifikovan\u00e9 pou\u017eit\u00e9 materi\u00e1ly, ich parametre, skladba, hr\u00fabky, mno\u017estvo a predp\u00edsan\u00e9 technol\u00f3gie. O projekt sa m\u00f4\u017eete opiera\u0165 po\u010das realiz\u00e1cie stavby, kedy je mo\u017en\u00e1 kontrola technologick\u00e9ho postupu a pou\u017eit\u00fdch materi\u00e1lov. Projekt obsahuje aj v\u00fdpo\u010det tepeln\u00fdch \u00faspor. [&hellip;]\" \/>\n<meta property=\"og:url\" content=\"https:\/\/www.ebau.sk\/?page_id=29\" \/>\n<meta property=\"og:site_name\" content=\"ebau.sk zatep\u013eovanie budov\" \/>\n<meta name=\"twitter:card\" content=\"summary_large_image\" \/>\n<meta name=\"twitter:label1\" content=\"Predpokladan\u00fd \u010das \u010d\u00edtania\" \/>\n\t<meta name=\"twitter:data1\" content=\"1 min\u00fata\" \/>\n<script type=\"application\/ld+json\" class=\"yoast-schema-graph\">{\"@context\":\"https:\/\/schema.org\",\"@graph\":[{\"@type\":\"WebPage\",\"@id\":\"https:\/\/www.ebau.sk\/?page_id=29\",\"url\":\"https:\/\/www.ebau.sk\/?page_id=29\",\"name\":\"Projektovanie - ebau.sk zatep\u013eovanie budov\",\"isPartOf\":{\"@id\":\"https:\/\/www.ebau.sk\/#website\"},\"datePublished\":\"2011-12-23T00:07:27+00:00\",\"breadcrumb\":{\"@id\":\"https:\/\/www.ebau.sk\/?page_id=29#breadcrumb\"},\"inLanguage\":\"sk-SK\",\"potentialAction\":[{\"@type\":\"ReadAction\",\"target\":[\"https:\/\/www.ebau.sk\/?page_id=29\"]}]},{\"@type\":\"BreadcrumbList\",\"@id\":\"https:\/\/www.ebau.sk\/?page_id=29#breadcrumb\",\"itemListElement\":[{\"@type\":\"ListItem\",\"position\":1,\"name\":\"Home\",\"item\":\"https:\/\/www.ebau.sk\/\"},{\"@type\":\"ListItem\",\"position\":2,\"name\":\"Projektovanie\"}]},{\"@type\":\"WebSite\",\"@id\":\"https:\/\/www.ebau.sk\/#website\",\"url\":\"https:\/\/www.ebau.sk\/\",\"name\":\"ebau.sk zatep\u013eovanie budov\",\"description\":\"Zatep\u013eovanie zatep\u013eovac\u00edmi syst\u00e9mami BASF, Baumit, Stomix, Weber Terranova\",\"potentialAction\":[{\"@type\":\"SearchAction\",\"target\":{\"@type\":\"EntryPoint\",\"urlTemplate\":\"https:\/\/www.ebau.sk\/?s={search_term_string}\"},\"query-input\":{\"@type\":\"PropertyValueSpecification\",\"valueRequired\":true,\"valueName\":\"search_term_string\"}}],\"inLanguage\":\"sk-SK\"}]}<\/script>\n<!-- \/ Yoast SEO plugin. -->","yoast_head_json":{"title":"Projektovanie - ebau.sk zatep\u013eovanie budov","robots":{"index":"index","follow":"follow","max-snippet":"max-snippet:-1","max-image-preview":"max-image-preview:large","max-video-preview":"max-video-preview:-1"},"canonical":"https:\/\/www.ebau.sk\/?page_id=29","og_locale":"sk_SK","og_type":"article","og_title":"Projektovanie - ebau.sk zatep\u013eovanie budov","og_description":"Ak pl\u00e1nujeme obnovu bytov\u00e9ho domu, \u010di u\u017e naraz alebo po etap\u00e1ch, nesmieme zabudn\u00fa\u0165 na projekt obnovy bytov\u00e9ho domu. V projekte s\u00fa vy\u0161pecifikovan\u00e9 pou\u017eit\u00e9 materi\u00e1ly, ich parametre, skladba, hr\u00fabky, mno\u017estvo a predp\u00edsan\u00e9 technol\u00f3gie. O projekt sa m\u00f4\u017eete opiera\u0165 po\u010das realiz\u00e1cie stavby, kedy je mo\u017en\u00e1 kontrola technologick\u00e9ho postupu a pou\u017eit\u00fdch materi\u00e1lov. Projekt obsahuje aj v\u00fdpo\u010det tepeln\u00fdch \u00faspor. [&hellip;]","og_url":"https:\/\/www.ebau.sk\/?page_id=29","og_site_name":"ebau.sk zatep\u013eovanie budov","twitter_card":"summary_large_image","twitter_misc":{"Predpokladan\u00fd \u010das \u010d\u00edtania":"1 min\u00fata"},"schema":{"@context":"https:\/\/schema.org","@graph":[{"@type":"WebPage","@id":"https:\/\/www.ebau.sk\/?page_id=29","url":"https:\/\/www.ebau.sk\/?page_id=29","name":"Projektovanie - ebau.sk zatep\u013eovanie budov","isPartOf":{"@id":"https:\/\/www.ebau.sk\/#website"},"datePublished":"2011-12-23T00:07:27+00:00","breadcrumb":{"@id":"https:\/\/www.ebau.sk\/?page_id=29#breadcrumb"},"inLanguage":"sk-SK","potentialAction":[{"@type":"ReadAction","target":["https:\/\/www.ebau.sk\/?page_id=29"]}]},{"@type":"BreadcrumbList","@id":"https:\/\/www.ebau.sk\/?page_id=29#breadcrumb","itemListElement":[{"@type":"ListItem","position":1,"name":"Home","item":"https:\/\/www.ebau.sk\/"},{"@type":"ListItem","position":2,"name":"Projektovanie"}]},{"@type":"WebSite","@id":"https:\/\/www.ebau.sk\/#website","url":"https:\/\/www.ebau.sk\/","name":"ebau.sk zatep\u013eovanie budov","description":"Zatep\u013eovanie zatep\u013eovac\u00edmi syst\u00e9mami BASF, Baumit, Stomix, Weber Terranova","potentialAction":[{"@type":"SearchAction","target":{"@type":"EntryPoint","urlTemplate":"https:\/\/www.ebau.sk\/?s={search_term_string}"},"query-input":{"@type":"PropertyValueSpecification","valueRequired":true,"valueName":"search_term_string"}}],"inLanguage":"sk-SK"}]}},"_links":{"self":[{"href":"https:\/\/www.ebau.sk\/index.php?rest_route=\/wp\/v2\/pages\/29","targetHints":{"allow":["GET"]}}],"collection":[{"href":"https:\/\/www.ebau.sk\/index.php?rest_route=\/wp\/v2\/pages"}],"about":[{"href":"https:\/\/www.ebau.sk\/index.php?rest_route=\/wp\/v2\/types\/page"}],"author":[{"embeddable":true,"href":"https:\/\/www.ebau.sk\/index.php?rest_route=\/wp\/v2\/users\/1"}],"replies":[{"embeddable":true,"href":"https:\/\/www.ebau.sk\/index.php?rest_route=%2Fwp%2Fv2%2Fcomments&post=29"}],"version-history":[{"count":0,"href":"https:\/\/www.ebau.sk\/index.php?rest_route=\/wp\/v2\/pages\/29\/revisions"}],"wp:attachment":[{"href":"https:\/\/www.ebau.sk\/index.php?rest_route=%2Fwp%2Fv2%2Fmedia&parent=29"}],"curies":[{"name":"wp","href":"https:\/\/api.w.org\/{rel}","templated":true}]}}