{"id":38,"date":"2011-12-23T00:48:39","date_gmt":"2011-12-23T00:48:39","guid":{"rendered":"http:\/\/www.elautbaumont.sk\/?page_id=38"},"modified":"2011-12-23T00:48:39","modified_gmt":"2011-12-23T00:48:39","slug":"zateplovacie-systemy","status":"publish","type":"page","link":"https:\/\/www.ebau.sk\/?page_id=38","title":{"rendered":"Zatep\u013eovacie syst\u00e9my"},"content":{"rendered":"<p>Na trhu existuje viacero zatep\u013eovac\u00edch syst\u00e9mov od rozli\u010dn\u00fdch v\u00fdrobcov. Spolo\u010dnos\u0165 Elaut BauMont pou\u017e\u00edva pri realiz\u00e1cii osved\u010den\u00e9 zatep\u013eovacie syst\u00e9my zna\u010diek Baumit, BASF, Stomix a Weber Terranova:<\/p>\n<p><a href=\"http:\/\/www.elautbaumont.sk\/zateplovanie\/basf\/\"><img loading=\"lazy\" decoding=\"async\" class=\"size-full wp-image-112 alignleft\" style=\"margin: 5px;\" title=\"BASF\" src=\"https:\/\/www.ebau.sk\/wp-content\/uploads\/2011\/12\/logo-basf.gif\" alt=\"\" width=\"135\" height=\"90\" \/><\/a><a href=\"http:\/\/www.elautbaumont.sk\/zateplovanie\/baumit\/\"><img loading=\"lazy\" decoding=\"async\" class=\"alignleft size-full wp-image-113\" style=\"margin: 5px;\" title=\"Baumit\" src=\"https:\/\/www.ebau.sk\/wp-content\/uploads\/2011\/12\/logo-baumit.gif\" alt=\"\" width=\"90\" height=\"90\" \/><\/a><a href=\"http:\/\/www.elautbaumont.sk\/zateplovanie\/stomix\/\"><img loading=\"lazy\" decoding=\"async\" class=\"alignleft size-full wp-image-118\" style=\"margin: 5px;\" title=\"Stomix\" src=\"https:\/\/www.ebau.sk\/wp-content\/uploads\/2011\/12\/logo-stomix.gif\" alt=\"\" width=\"200\" height=\"90\" \/><\/a><a href=\"http:\/\/www.elautbaumont.sk\/zateplovanie\/weberterranova\/\"><img loading=\"lazy\" decoding=\"async\" class=\"alignleft size-full wp-image-119\" style=\"margin: 5px;\" title=\"Weber Terranova\" src=\"https:\/\/www.ebau.sk\/wp-content\/uploads\/2011\/12\/logo-webert.gif\" alt=\"\" width=\"127\" height=\"90\" \/><\/a><\/p>\n<p>Spolo\u010dnos\u0165 Elaut BauMont s.r.o. je certifikovan\u00fdm realiz\u00e1torom zatep\u013eovac\u00edch syst\u00e9mov. Technick\u00fd a sk\u00fa\u0161obn\u00fd \u00fastav stavebn\u00fd (<a href=\"http:\/\/www.tsus.sk\/\">TS\u00daS<\/a>) udelil spolo\u010dnosti Elaut BauMont certifik\u00e1t na realiz\u00e1ciu zatep\u013eovac\u00edch pr\u00e1c syst\u00e9mom Baumit, BASF, Stomix a Weber Terranova.<\/p>\n<p>Elaut BauMont zabezpe\u010duje komplexn\u00e9 slu\u017eby s\u00favisiace so zatep\u013eovan\u00edm budov, ktor\u00e9 zah\u0155\u0148aj\u00fa vytvorenie projektovej dokument\u00e1cie, vybavenie stavebn\u00e9ho povolenia, pomoc s financovan\u00edm, dodanie materi\u00e1lu, stavbu le\u0161enia a kvalifikovan\u00fa realiz\u00e1ciu zateplenia.<\/p>\n<p><a href=\"http:\/\/www.elautbaumont.sk\/zateplovanie\/basf\/\"><img loading=\"lazy\" decoding=\"async\" class=\"alignleft\" style=\"border: 1px solid black;\" title=\"Licencia na zatep\u013eovanie BASF\" alt=\"Licencia na zatep\u013eovanie BASF\" src=\"http:\/\/lh4.ggpht.com\/-Xx0l04TOnV0\/TwrcngdzWLI\/AAAAAAAABFY\/Drht0sAlM4s\/tsus-basf.jpg\" width=\"217\" height=\"307\" \/><\/a><a href=\"http:\/\/www.elautbaumont.sk\/zateplovanie\/baumit\/\"><img loading=\"lazy\" decoding=\"async\" class=\"alignleft\" style=\"border: 1px solid black;\" title=\"Licencia na zatep\u013eovanie Baumit\" alt=\"Licencia na zatep\u013eovanie Baumit\" src=\"https:\/\/www.ebau.sk\/wp-content\/uploads\/2011\/12\/licencia-baumit.jpg\" width=\"216\" height=\"307\" \/><\/a><\/p>\n<p><a href=\"http:\/\/www.elautbaumont.sk\/zateplovanie\/stomix\/\"><img loading=\"lazy\" decoding=\"async\" class=\"alignleft\" style=\"border: 1px solid black;\" title=\"Licencia na zatep\u013eovanie Stomix\" alt=\"Licencia na zatep\u013eovanie Stomix\" src=\"https:\/\/www.ebau.sk\/wp-content\/uploads\/2011\/12\/licencia-stomix.jpg\" width=\"217\" height=\"307\" \/><\/a><a href=\"http:\/\/www.elautbaumont.sk\/zateplovanie\/weberterranova\/\"><img loading=\"lazy\" decoding=\"async\" class=\"alignleft\" style=\"border: 1px solid black;\" title=\"Licencia na zatep\u013eovanie Weber\" alt=\"Licencia na zatep\u013eovanie Weber\" src=\"https:\/\/www.ebau.sk\/wp-content\/uploads\/2011\/12\/licencia-weber.jpg\" width=\"216\" height=\"307\" \/><\/a><\/p>\n","protected":false},"excerpt":{"rendered":"<p>Na trhu existuje viacero zatep\u013eovac\u00edch syst\u00e9mov od rozli\u010dn\u00fdch v\u00fdrobcov. Spolo\u010dnos\u0165 Elaut BauMont pou\u017e\u00edva pri realiz\u00e1cii osved\u010den\u00e9 zatep\u013eovacie syst\u00e9my zna\u010diek Baumit, BASF, Stomix a Weber Terranova: Spolo\u010dnos\u0165 Elaut BauMont s.r.o. je certifikovan\u00fdm realiz\u00e1torom zatep\u013eovac\u00edch syst\u00e9mov. Technick\u00fd a sk\u00fa\u0161obn\u00fd \u00fastav stavebn\u00fd (TS\u00daS) udelil spolo\u010dnosti Elaut BauMont certifik\u00e1t na realiz\u00e1ciu zatep\u013eovac\u00edch pr\u00e1c syst\u00e9mom Baumit, BASF, Stomix a Weber [&hellip;]<\/p>\n","protected":false},"author":1,"featured_media":0,"parent":16,"menu_order":0,"comment_status":"closed","ping_status":"closed","template":"","meta":{"_monsterinsights_skip_tracking":false,"_monsterinsights_sitenote_active":false,"_monsterinsights_sitenote_note":"","_monsterinsights_sitenote_category":0,"footnotes":""},"class_list":["post-38","page","type-page","status-publish","hentry"],"yoast_head":"<!-- This site is optimized with the Yoast SEO plugin v26.1.1 - https:\/\/yoast.com\/wordpress\/plugins\/seo\/ -->\n<title>Zatep\u013eovacie syst\u00e9my - ebau.sk zatep\u013eovanie budov<\/title>\n<meta name=\"robots\" content=\"index, follow, max-snippet:-1, max-image-preview:large, max-video-preview:-1\" \/>\n<link rel=\"canonical\" href=\"https:\/\/www.ebau.sk\/?page_id=38\" \/>\n<meta property=\"og:locale\" content=\"sk_SK\" \/>\n<meta property=\"og:type\" content=\"article\" \/>\n<meta property=\"og:title\" content=\"Zatep\u013eovacie syst\u00e9my - ebau.sk zatep\u013eovanie budov\" \/>\n<meta property=\"og:description\" content=\"Na trhu existuje viacero zatep\u013eovac\u00edch syst\u00e9mov od rozli\u010dn\u00fdch v\u00fdrobcov. Spolo\u010dnos\u0165 Elaut BauMont pou\u017e\u00edva pri realiz\u00e1cii osved\u010den\u00e9 zatep\u013eovacie syst\u00e9my zna\u010diek Baumit, BASF, Stomix a Weber Terranova: Spolo\u010dnos\u0165 Elaut BauMont s.r.o. je certifikovan\u00fdm realiz\u00e1torom zatep\u013eovac\u00edch syst\u00e9mov. Technick\u00fd a sk\u00fa\u0161obn\u00fd \u00fastav stavebn\u00fd (TS\u00daS) udelil spolo\u010dnosti Elaut BauMont certifik\u00e1t na realiz\u00e1ciu zatep\u013eovac\u00edch pr\u00e1c syst\u00e9mom Baumit, BASF, Stomix a Weber [&hellip;]\" \/>\n<meta property=\"og:url\" content=\"https:\/\/www.ebau.sk\/?page_id=38\" \/>\n<meta property=\"og:site_name\" content=\"ebau.sk zatep\u013eovanie budov\" \/>\n<meta property=\"og:image\" content=\"http:\/\/www.elautbaumont.sk\/wp-content\/uploads\/2011\/12\/logo-basf.gif\" \/>\n<meta name=\"twitter:card\" content=\"summary_large_image\" \/>\n<meta name=\"twitter:label1\" content=\"Predpokladan\u00fd \u010das \u010d\u00edtania\" \/>\n\t<meta name=\"twitter:data1\" content=\"1 min\u00fata\" \/>\n<script type=\"application\/ld+json\" class=\"yoast-schema-graph\">{\"@context\":\"https:\/\/schema.org\",\"@graph\":[{\"@type\":\"WebPage\",\"@id\":\"https:\/\/www.ebau.sk\/?page_id=38\",\"url\":\"https:\/\/www.ebau.sk\/?page_id=38\",\"name\":\"Zatep\u013eovacie syst\u00e9my - ebau.sk zatep\u013eovanie budov\",\"isPartOf\":{\"@id\":\"https:\/\/www.ebau.sk\/#website\"},\"primaryImageOfPage\":{\"@id\":\"https:\/\/www.ebau.sk\/?page_id=38#primaryimage\"},\"image\":{\"@id\":\"https:\/\/www.ebau.sk\/?page_id=38#primaryimage\"},\"thumbnailUrl\":\"https:\/\/www.ebau.sk\/wp-content\/uploads\/2011\/12\/logo-basf.gif\",\"datePublished\":\"2011-12-23T00:48:39+00:00\",\"breadcrumb\":{\"@id\":\"https:\/\/www.ebau.sk\/?page_id=38#breadcrumb\"},\"inLanguage\":\"sk-SK\",\"potentialAction\":[{\"@type\":\"ReadAction\",\"target\":[\"https:\/\/www.ebau.sk\/?page_id=38\"]}]},{\"@type\":\"ImageObject\",\"inLanguage\":\"sk-SK\",\"@id\":\"https:\/\/www.ebau.sk\/?page_id=38#primaryimage\",\"url\":\"https:\/\/www.ebau.sk\/wp-content\/uploads\/2011\/12\/logo-basf.gif\",\"contentUrl\":\"https:\/\/www.ebau.sk\/wp-content\/uploads\/2011\/12\/logo-basf.gif\",\"width\":135,\"height\":90},{\"@type\":\"BreadcrumbList\",\"@id\":\"https:\/\/www.ebau.sk\/?page_id=38#breadcrumb\",\"itemListElement\":[{\"@type\":\"ListItem\",\"position\":1,\"name\":\"Home\",\"item\":\"https:\/\/www.ebau.sk\/\"},{\"@type\":\"ListItem\",\"position\":2,\"name\":\"Zatep\u013eovanie budov\",\"item\":\"https:\/\/www.ebau.sk\/?page_id=16\"},{\"@type\":\"ListItem\",\"position\":3,\"name\":\"Zatep\u013eovacie syst\u00e9my\"}]},{\"@type\":\"WebSite\",\"@id\":\"https:\/\/www.ebau.sk\/#website\",\"url\":\"https:\/\/www.ebau.sk\/\",\"name\":\"ebau.sk zatep\u013eovanie budov\",\"description\":\"Zatep\u013eovanie zatep\u013eovac\u00edmi syst\u00e9mami BASF, Baumit, Stomix, Weber Terranova\",\"potentialAction\":[{\"@type\":\"SearchAction\",\"target\":{\"@type\":\"EntryPoint\",\"urlTemplate\":\"https:\/\/www.ebau.sk\/?s={search_term_string}\"},\"query-input\":{\"@type\":\"PropertyValueSpecification\",\"valueRequired\":true,\"valueName\":\"search_term_string\"}}],\"inLanguage\":\"sk-SK\"}]}<\/script>\n<!-- \/ Yoast SEO plugin. -->","yoast_head_json":{"title":"Zatep\u013eovacie syst\u00e9my - ebau.sk zatep\u013eovanie budov","robots":{"index":"index","follow":"follow","max-snippet":"max-snippet:-1","max-image-preview":"max-image-preview:large","max-video-preview":"max-video-preview:-1"},"canonical":"https:\/\/www.ebau.sk\/?page_id=38","og_locale":"sk_SK","og_type":"article","og_title":"Zatep\u013eovacie syst\u00e9my - ebau.sk zatep\u013eovanie budov","og_description":"Na trhu existuje viacero zatep\u013eovac\u00edch syst\u00e9mov od rozli\u010dn\u00fdch v\u00fdrobcov. Spolo\u010dnos\u0165 Elaut BauMont pou\u017e\u00edva pri realiz\u00e1cii osved\u010den\u00e9 zatep\u013eovacie syst\u00e9my zna\u010diek Baumit, BASF, Stomix a Weber Terranova: Spolo\u010dnos\u0165 Elaut BauMont s.r.o. je certifikovan\u00fdm realiz\u00e1torom zatep\u013eovac\u00edch syst\u00e9mov. Technick\u00fd a sk\u00fa\u0161obn\u00fd \u00fastav stavebn\u00fd (TS\u00daS) udelil spolo\u010dnosti Elaut BauMont certifik\u00e1t na realiz\u00e1ciu zatep\u013eovac\u00edch pr\u00e1c syst\u00e9mom Baumit, BASF, Stomix a Weber [&hellip;]","og_url":"https:\/\/www.ebau.sk\/?page_id=38","og_site_name":"ebau.sk zatep\u013eovanie budov","og_image":[{"url":"http:\/\/www.elautbaumont.sk\/wp-content\/uploads\/2011\/12\/logo-basf.gif","type":"","width":"","height":""}],"twitter_card":"summary_large_image","twitter_misc":{"Predpokladan\u00fd \u010das \u010d\u00edtania":"1 min\u00fata"},"schema":{"@context":"https:\/\/schema.org","@graph":[{"@type":"WebPage","@id":"https:\/\/www.ebau.sk\/?page_id=38","url":"https:\/\/www.ebau.sk\/?page_id=38","name":"Zatep\u013eovacie syst\u00e9my - ebau.sk zatep\u013eovanie budov","isPartOf":{"@id":"https:\/\/www.ebau.sk\/#website"},"primaryImageOfPage":{"@id":"https:\/\/www.ebau.sk\/?page_id=38#primaryimage"},"image":{"@id":"https:\/\/www.ebau.sk\/?page_id=38#primaryimage"},"thumbnailUrl":"https:\/\/www.ebau.sk\/wp-content\/uploads\/2011\/12\/logo-basf.gif","datePublished":"2011-12-23T00:48:39+00:00","breadcrumb":{"@id":"https:\/\/www.ebau.sk\/?page_id=38#breadcrumb"},"inLanguage":"sk-SK","potentialAction":[{"@type":"ReadAction","target":["https:\/\/www.ebau.sk\/?page_id=38"]}]},{"@type":"ImageObject","inLanguage":"sk-SK","@id":"https:\/\/www.ebau.sk\/?page_id=38#primaryimage","url":"https:\/\/www.ebau.sk\/wp-content\/uploads\/2011\/12\/logo-basf.gif","contentUrl":"https:\/\/www.ebau.sk\/wp-content\/uploads\/2011\/12\/logo-basf.gif","width":135,"height":90},{"@type":"BreadcrumbList","@id":"https:\/\/www.ebau.sk\/?page_id=38#breadcrumb","itemListElement":[{"@type":"ListItem","position":1,"name":"Home","item":"https:\/\/www.ebau.sk\/"},{"@type":"ListItem","position":2,"name":"Zatep\u013eovanie budov","item":"https:\/\/www.ebau.sk\/?page_id=16"},{"@type":"ListItem","position":3,"name":"Zatep\u013eovacie syst\u00e9my"}]},{"@type":"WebSite","@id":"https:\/\/www.ebau.sk\/#website","url":"https:\/\/www.ebau.sk\/","name":"ebau.sk zatep\u013eovanie budov","description":"Zatep\u013eovanie zatep\u013eovac\u00edmi syst\u00e9mami BASF, Baumit, Stomix, Weber Terranova","potentialAction":[{"@type":"SearchAction","target":{"@type":"EntryPoint","urlTemplate":"https:\/\/www.ebau.sk\/?s={search_term_string}"},"query-input":{"@type":"PropertyValueSpecification","valueRequired":true,"valueName":"search_term_string"}}],"inLanguage":"sk-SK"}]}},"_links":{"self":[{"href":"https:\/\/www.ebau.sk\/index.php?rest_route=\/wp\/v2\/pages\/38","targetHints":{"allow":["GET"]}}],"collection":[{"href":"https:\/\/www.ebau.sk\/index.php?rest_route=\/wp\/v2\/pages"}],"about":[{"href":"https:\/\/www.ebau.sk\/index.php?rest_route=\/wp\/v2\/types\/page"}],"author":[{"embeddable":true,"href":"https:\/\/www.ebau.sk\/index.php?rest_route=\/wp\/v2\/users\/1"}],"replies":[{"embeddable":true,"href":"https:\/\/www.ebau.sk\/index.php?rest_route=%2Fwp%2Fv2%2Fcomments&post=38"}],"version-history":[{"count":0,"href":"https:\/\/www.ebau.sk\/index.php?rest_route=\/wp\/v2\/pages\/38\/revisions"}],"up":[{"embeddable":true,"href":"https:\/\/www.ebau.sk\/index.php?rest_route=\/wp\/v2\/pages\/16"}],"wp:attachment":[{"href":"https:\/\/www.ebau.sk\/index.php?rest_route=%2Fwp%2Fv2%2Fmedia&parent=38"}],"curies":[{"name":"wp","href":"https:\/\/api.w.org\/{rel}","templated":true}]}}