{"id":423,"date":"2012-02-09T23:02:37","date_gmt":"2012-02-09T23:02:37","guid":{"rendered":"http:\/\/www.elautbaumont.sk\/?page_id=423"},"modified":"2012-02-09T23:02:37","modified_gmt":"2012-02-09T23:02:37","slug":"vykurovacie-systemy","status":"publish","type":"page","link":"https:\/\/www.ebau.sk\/?page_id=423","title":{"rendered":"Vykurovacie syst\u00e9my"},"content":{"rendered":"<p><img decoding=\"async\" class=\"alignright\" style=\"margin: 5px;\" title=\"Viessmann\" alt=\"\" src=\"http:\/\/www.viessmann.sk\/content\/dam\/internet-global\/images\/general\/7590.gif\" \/>Pon\u00fakame projektovanie vykurovac\u00edch syst\u00e9mov pre rodinn\u00e9 domy a bytov\u00e9 domy. Ako autorizovan\u00fd predajca v\u00fdrobkov zna\u010dky Viessmann pon\u00fakame kompletn\u00e9 portf\u00f3lio v\u00fdrobkov tejto kvalitnej nemeckej zna\u010dky. Zabezpe\u010dujeme kompletn\u00e9 slu\u017eby od n\u00e1vrhu syst\u00e9mu a\u017e po mont\u00e1\u017e.<\/p>\n<p><strong>Kondenza\u010dn\u00e9 plynov\u00e9 kotly<\/strong><br \/>\nKondenza\u010dn\u00e9 plynov\u00e9 kotly Viessman sa vyr\u00e1baj\u00fa s v\u00fdkonom v rozmedz\u00ed 3,8 a\u017e 105 kW. V\u010faka \u00fa\u010dinnosti a\u017e 98 percent pri premene zemn\u00e9ho plynu na teplo akt\u00edvne prispievajte k ochrane ovzdu\u0161ia a \u017eivotn\u00e9ho prostredia. V\u0161etky kotly Viessmann s\u00fa dimenzovan\u00e9 pre kombin\u00e1ciu so sol\u00e1rnou technikou Viessmann \u010do je z\u00e1rukou optim\u00e1lnej s\u00fahry v\u0161etk\u00fdch komponentov a\u017e po komfortn\u00fa regul\u00e1ciu.<\/p>\n<p><strong>Sol\u00e1rne syst\u00e9my<\/strong><br \/>\nSol\u00e1rne kolektory s\u00fa ide\u00e1lnym doplnkom ka\u017ed\u00e9ho vykurovacieho syst\u00e9mu a pom\u00e1haj\u00fa chr\u00e1ni\u0165 \u017eivotn\u00e9 prostredie. S vysoko efekt\u00edvnymi slne\u010dn\u00fdmi kolektormi Viessmann m\u00f4\u017ete pokry\u0165 a\u017e 35% ro\u010dnej spotreby energie na pr\u00edpravu vody a vykurovanie. Viessmann je jedn\u00fdm z popredn\u00fdch eur\u00f3pskych v\u00fdrobcov sol\u00e1rno-termick\u00fdch zariaden\u00ed a m\u00f4\u017ee sa oprie\u0165 o viac ako 30-ro\u010dn\u00e9 sk\u00fasenosti v tejto oblasti.<\/p>\n<p><strong>Tepeln\u00e9 \u010derpadl\u00e1<\/strong><br \/>\nTepeln\u00e9 \u010derpadlo Viessmann umo\u017e\u0148uje sta\u0165 sa nez\u00e1visl\u00fd na plyne \u010di in\u00fdch druhoch paliva. Tepeln\u00e9 \u010derpadlo vyu\u017e\u00edva bezplatn\u00fd potenci\u00e1l tepla z pr\u00edrody zo svojeho bezprostredn\u00e9ho okolia &#8211; bu\u010f zo zeme, z podzemnej vody alebo zo vzduchu. \u0160irok\u00fd ponuka tepeln\u00fdch \u010derpadiel poskytuje spr\u00e1vne tepeln\u00e9 \u010derpadlo pre ka\u017ed\u00fa potrebu, \u00faplne pod\u013ea va\u0161ich predst\u00e1v, va\u0161ej potreby tepla a va\u0161ich stavebn\u00fdch a geologick\u00fdch danost\u00ed. M\u00f4\u017eete pou\u017ei\u0165 tepeln\u00e9 \u010derpadlo Viessmann nielen v novostavbe ale aj pri moderniz\u00e1ci a prev\u00e1dzkova\u0165 ho spolu s plynov\u00fdm vykurovan\u00edm.<\/p>\n","protected":false},"excerpt":{"rendered":"<p>Pon\u00fakame projektovanie vykurovac\u00edch syst\u00e9mov pre rodinn\u00e9 domy a bytov\u00e9 domy. Ako autorizovan\u00fd predajca v\u00fdrobkov zna\u010dky Viessmann pon\u00fakame kompletn\u00e9 portf\u00f3lio v\u00fdrobkov tejto kvalitnej nemeckej zna\u010dky. Zabezpe\u010dujeme kompletn\u00e9 slu\u017eby od n\u00e1vrhu syst\u00e9mu a\u017e po mont\u00e1\u017e. Kondenza\u010dn\u00e9 plynov\u00e9 kotly Kondenza\u010dn\u00e9 plynov\u00e9 kotly Viessman sa vyr\u00e1baj\u00fa s v\u00fdkonom v rozmedz\u00ed 3,8 a\u017e 105 kW. V\u010faka \u00fa\u010dinnosti a\u017e 98 percent [&hellip;]<\/p>\n","protected":false},"author":1,"featured_media":0,"parent":29,"menu_order":0,"comment_status":"closed","ping_status":"closed","template":"","meta":{"_monsterinsights_skip_tracking":false,"_monsterinsights_sitenote_active":false,"_monsterinsights_sitenote_note":"","_monsterinsights_sitenote_category":0,"footnotes":""},"class_list":["post-423","page","type-page","status-publish","hentry"],"yoast_head":"<!-- This site is optimized with the Yoast SEO plugin v26.1.1 - https:\/\/yoast.com\/wordpress\/plugins\/seo\/ -->\n<title>Vykurovacie syst\u00e9my - ebau.sk zatep\u013eovanie budov<\/title>\n<meta name=\"robots\" content=\"index, follow, max-snippet:-1, max-image-preview:large, max-video-preview:-1\" \/>\n<link rel=\"canonical\" href=\"https:\/\/www.ebau.sk\/?page_id=423\" \/>\n<meta property=\"og:locale\" content=\"sk_SK\" \/>\n<meta property=\"og:type\" content=\"article\" \/>\n<meta property=\"og:title\" content=\"Vykurovacie syst\u00e9my - ebau.sk zatep\u013eovanie budov\" \/>\n<meta property=\"og:description\" content=\"Pon\u00fakame projektovanie vykurovac\u00edch syst\u00e9mov pre rodinn\u00e9 domy a bytov\u00e9 domy. Ako autorizovan\u00fd predajca v\u00fdrobkov zna\u010dky Viessmann pon\u00fakame kompletn\u00e9 portf\u00f3lio v\u00fdrobkov tejto kvalitnej nemeckej zna\u010dky. Zabezpe\u010dujeme kompletn\u00e9 slu\u017eby od n\u00e1vrhu syst\u00e9mu a\u017e po mont\u00e1\u017e. Kondenza\u010dn\u00e9 plynov\u00e9 kotly Kondenza\u010dn\u00e9 plynov\u00e9 kotly Viessman sa vyr\u00e1baj\u00fa s v\u00fdkonom v rozmedz\u00ed 3,8 a\u017e 105 kW. V\u010faka \u00fa\u010dinnosti a\u017e 98 percent [&hellip;]\" \/>\n<meta property=\"og:url\" content=\"https:\/\/www.ebau.sk\/?page_id=423\" \/>\n<meta property=\"og:site_name\" content=\"ebau.sk zatep\u013eovanie budov\" \/>\n<meta property=\"og:image\" content=\"http:\/\/www.viessmann.sk\/content\/dam\/internet-global\/images\/general\/7590.gif\" \/>\n<meta name=\"twitter:card\" content=\"summary_large_image\" \/>\n<meta name=\"twitter:label1\" content=\"Predpokladan\u00fd \u010das \u010d\u00edtania\" \/>\n\t<meta name=\"twitter:data1\" content=\"1 min\u00fata\" \/>\n<script type=\"application\/ld+json\" class=\"yoast-schema-graph\">{\"@context\":\"https:\/\/schema.org\",\"@graph\":[{\"@type\":\"WebPage\",\"@id\":\"https:\/\/www.ebau.sk\/?page_id=423\",\"url\":\"https:\/\/www.ebau.sk\/?page_id=423\",\"name\":\"Vykurovacie syst\u00e9my - ebau.sk zatep\u013eovanie budov\",\"isPartOf\":{\"@id\":\"https:\/\/www.ebau.sk\/#website\"},\"primaryImageOfPage\":{\"@id\":\"https:\/\/www.ebau.sk\/?page_id=423#primaryimage\"},\"image\":{\"@id\":\"https:\/\/www.ebau.sk\/?page_id=423#primaryimage\"},\"thumbnailUrl\":\"http:\/\/www.viessmann.sk\/content\/dam\/internet-global\/images\/general\/7590.gif\",\"datePublished\":\"2012-02-09T23:02:37+00:00\",\"breadcrumb\":{\"@id\":\"https:\/\/www.ebau.sk\/?page_id=423#breadcrumb\"},\"inLanguage\":\"sk-SK\",\"potentialAction\":[{\"@type\":\"ReadAction\",\"target\":[\"https:\/\/www.ebau.sk\/?page_id=423\"]}]},{\"@type\":\"ImageObject\",\"inLanguage\":\"sk-SK\",\"@id\":\"https:\/\/www.ebau.sk\/?page_id=423#primaryimage\",\"url\":\"http:\/\/www.viessmann.sk\/content\/dam\/internet-global\/images\/general\/7590.gif\",\"contentUrl\":\"http:\/\/www.viessmann.sk\/content\/dam\/internet-global\/images\/general\/7590.gif\"},{\"@type\":\"BreadcrumbList\",\"@id\":\"https:\/\/www.ebau.sk\/?page_id=423#breadcrumb\",\"itemListElement\":[{\"@type\":\"ListItem\",\"position\":1,\"name\":\"Home\",\"item\":\"https:\/\/www.ebau.sk\/\"},{\"@type\":\"ListItem\",\"position\":2,\"name\":\"Projektovanie\",\"item\":\"https:\/\/www.ebau.sk\/?page_id=29\"},{\"@type\":\"ListItem\",\"position\":3,\"name\":\"Vykurovacie syst\u00e9my\"}]},{\"@type\":\"WebSite\",\"@id\":\"https:\/\/www.ebau.sk\/#website\",\"url\":\"https:\/\/www.ebau.sk\/\",\"name\":\"ebau.sk zatep\u013eovanie budov\",\"description\":\"Zatep\u013eovanie zatep\u013eovac\u00edmi syst\u00e9mami BASF, Baumit, Stomix, Weber Terranova\",\"potentialAction\":[{\"@type\":\"SearchAction\",\"target\":{\"@type\":\"EntryPoint\",\"urlTemplate\":\"https:\/\/www.ebau.sk\/?s={search_term_string}\"},\"query-input\":{\"@type\":\"PropertyValueSpecification\",\"valueRequired\":true,\"valueName\":\"search_term_string\"}}],\"inLanguage\":\"sk-SK\"}]}<\/script>\n<!-- \/ Yoast SEO plugin. -->","yoast_head_json":{"title":"Vykurovacie syst\u00e9my - ebau.sk zatep\u013eovanie budov","robots":{"index":"index","follow":"follow","max-snippet":"max-snippet:-1","max-image-preview":"max-image-preview:large","max-video-preview":"max-video-preview:-1"},"canonical":"https:\/\/www.ebau.sk\/?page_id=423","og_locale":"sk_SK","og_type":"article","og_title":"Vykurovacie syst\u00e9my - ebau.sk zatep\u013eovanie budov","og_description":"Pon\u00fakame projektovanie vykurovac\u00edch syst\u00e9mov pre rodinn\u00e9 domy a bytov\u00e9 domy. Ako autorizovan\u00fd predajca v\u00fdrobkov zna\u010dky Viessmann pon\u00fakame kompletn\u00e9 portf\u00f3lio v\u00fdrobkov tejto kvalitnej nemeckej zna\u010dky. Zabezpe\u010dujeme kompletn\u00e9 slu\u017eby od n\u00e1vrhu syst\u00e9mu a\u017e po mont\u00e1\u017e. Kondenza\u010dn\u00e9 plynov\u00e9 kotly Kondenza\u010dn\u00e9 plynov\u00e9 kotly Viessman sa vyr\u00e1baj\u00fa s v\u00fdkonom v rozmedz\u00ed 3,8 a\u017e 105 kW. V\u010faka \u00fa\u010dinnosti a\u017e 98 percent [&hellip;]","og_url":"https:\/\/www.ebau.sk\/?page_id=423","og_site_name":"ebau.sk zatep\u013eovanie budov","og_image":[{"url":"http:\/\/www.viessmann.sk\/content\/dam\/internet-global\/images\/general\/7590.gif","type":"","width":"","height":""}],"twitter_card":"summary_large_image","twitter_misc":{"Predpokladan\u00fd \u010das \u010d\u00edtania":"1 min\u00fata"},"schema":{"@context":"https:\/\/schema.org","@graph":[{"@type":"WebPage","@id":"https:\/\/www.ebau.sk\/?page_id=423","url":"https:\/\/www.ebau.sk\/?page_id=423","name":"Vykurovacie syst\u00e9my - ebau.sk zatep\u013eovanie budov","isPartOf":{"@id":"https:\/\/www.ebau.sk\/#website"},"primaryImageOfPage":{"@id":"https:\/\/www.ebau.sk\/?page_id=423#primaryimage"},"image":{"@id":"https:\/\/www.ebau.sk\/?page_id=423#primaryimage"},"thumbnailUrl":"http:\/\/www.viessmann.sk\/content\/dam\/internet-global\/images\/general\/7590.gif","datePublished":"2012-02-09T23:02:37+00:00","breadcrumb":{"@id":"https:\/\/www.ebau.sk\/?page_id=423#breadcrumb"},"inLanguage":"sk-SK","potentialAction":[{"@type":"ReadAction","target":["https:\/\/www.ebau.sk\/?page_id=423"]}]},{"@type":"ImageObject","inLanguage":"sk-SK","@id":"https:\/\/www.ebau.sk\/?page_id=423#primaryimage","url":"http:\/\/www.viessmann.sk\/content\/dam\/internet-global\/images\/general\/7590.gif","contentUrl":"http:\/\/www.viessmann.sk\/content\/dam\/internet-global\/images\/general\/7590.gif"},{"@type":"BreadcrumbList","@id":"https:\/\/www.ebau.sk\/?page_id=423#breadcrumb","itemListElement":[{"@type":"ListItem","position":1,"name":"Home","item":"https:\/\/www.ebau.sk\/"},{"@type":"ListItem","position":2,"name":"Projektovanie","item":"https:\/\/www.ebau.sk\/?page_id=29"},{"@type":"ListItem","position":3,"name":"Vykurovacie syst\u00e9my"}]},{"@type":"WebSite","@id":"https:\/\/www.ebau.sk\/#website","url":"https:\/\/www.ebau.sk\/","name":"ebau.sk zatep\u013eovanie budov","description":"Zatep\u013eovanie zatep\u013eovac\u00edmi syst\u00e9mami BASF, Baumit, Stomix, Weber Terranova","potentialAction":[{"@type":"SearchAction","target":{"@type":"EntryPoint","urlTemplate":"https:\/\/www.ebau.sk\/?s={search_term_string}"},"query-input":{"@type":"PropertyValueSpecification","valueRequired":true,"valueName":"search_term_string"}}],"inLanguage":"sk-SK"}]}},"_links":{"self":[{"href":"https:\/\/www.ebau.sk\/index.php?rest_route=\/wp\/v2\/pages\/423","targetHints":{"allow":["GET"]}}],"collection":[{"href":"https:\/\/www.ebau.sk\/index.php?rest_route=\/wp\/v2\/pages"}],"about":[{"href":"https:\/\/www.ebau.sk\/index.php?rest_route=\/wp\/v2\/types\/page"}],"author":[{"embeddable":true,"href":"https:\/\/www.ebau.sk\/index.php?rest_route=\/wp\/v2\/users\/1"}],"replies":[{"embeddable":true,"href":"https:\/\/www.ebau.sk\/index.php?rest_route=%2Fwp%2Fv2%2Fcomments&post=423"}],"version-history":[{"count":0,"href":"https:\/\/www.ebau.sk\/index.php?rest_route=\/wp\/v2\/pages\/423\/revisions"}],"up":[{"embeddable":true,"href":"https:\/\/www.ebau.sk\/index.php?rest_route=\/wp\/v2\/pages\/29"}],"wp:attachment":[{"href":"https:\/\/www.ebau.sk\/index.php?rest_route=%2Fwp%2Fv2%2Fmedia&parent=423"}],"curies":[{"name":"wp","href":"https:\/\/api.w.org\/{rel}","templated":true}]}}