{"id":440,"date":"2012-04-25T00:28:32","date_gmt":"2012-04-25T00:28:32","guid":{"rendered":"http:\/\/www.elautbaumont.sk\/?page_id=440"},"modified":"2012-04-25T00:28:32","modified_gmt":"2012-04-25T00:28:32","slug":"balkonove-zabradlia","status":"publish","type":"page","link":"https:\/\/www.ebau.sk\/?page_id=440","title":{"rendered":"Balk\u00f3nov\u00e9 z\u00e1bradlia"},"content":{"rendered":"<p>K zatepleniu a kompletnej obnove bytov\u00e9ho domu patr\u00ed aj oprava balk\u00f3nov a z\u00e1bradl\u00ed. Pon\u00fakame v\u00fdrobu z\u00e1bradl\u00ed a pr\u00edstre\u0161kov na mieru. Vy\u017eiadajte si na\u0161u cenov\u00fa ponuku <a title=\"Kontakt\" href=\"http:\/\/www.elautbaumont.sk\/kontakt\/\">emailom<\/a> alebo <a title=\"Kontakt\" href=\"http:\/\/www.elautbaumont.sk\/kontakt\/\">telefonicky<\/a>.<\/p>\n<div style=\"width: 437px\" class=\"wp-caption aligncenter\"><img loading=\"lazy\" decoding=\"async\" title=\"Balk\u00f3nov\u00e9 z\u00e1bradlia\" src=\"https:\/\/lh4.googleusercontent.com\/-nhl8H6KrzZA\/TvIFiyGe1JI\/AAAAAAAAAy0\/rfP7JOTmumM\/s640\/IMG_6939.JPG\" alt=\"Balk\u00f3nov\u00e9 z\u00e1bradlia\" width=\"427\" height=\"640\" \/><p class=\"wp-caption-text\">Balk\u00f3nov\u00e9 z\u00e1bradlia<\/p><\/div>\n<div style=\"width: 650px\" class=\"wp-caption aligncenter\"><img loading=\"lazy\" decoding=\"async\" title=\"Z\u00e1bradlie\" src=\"https:\/\/lh5.googleusercontent.com\/-A3E_UlRPDNA\/TvIHBWgJHaI\/AAAAAAAAA0E\/hEerbUZpVw0\/s640\/IMG_6897.JPG\" alt=\"Z\u00e1bradlie\" width=\"640\" height=\"427\" \/><p class=\"wp-caption-text\">Z\u00e1bradlie<\/p><\/div>\n<div style=\"width: 490px\" class=\"wp-caption aligncenter\"><img loading=\"lazy\" decoding=\"async\" title=\"Z\u00e1bradlie\" src=\"https:\/\/lh3.googleusercontent.com\/-8ouAB8l1GtU\/TwiwdNP21YI\/AAAAAAAABDg\/UX8dOeAxUQo\/s640\/15122009664.jpg\" alt=\"Z\u00e1bradlie\" width=\"480\" height=\"640\" \/><p class=\"wp-caption-text\">Z\u00e1bradlie<\/p><\/div>\n<div style=\"width: 437px\" class=\"wp-caption aligncenter\"><img loading=\"lazy\" decoding=\"async\" title=\"Z\u00e1bradlie\" src=\"https:\/\/lh4.googleusercontent.com\/-GxdxtfdHlSI\/TErRYFIhaNI\/AAAAAAAAAt0\/KKX6U6rVjJA\/s640\/IMG_2559.JPG\" alt=\"Z\u00e1bradlie\" width=\"427\" height=\"640\" \/><p class=\"wp-caption-text\">Z\u00e1bradlie<\/p><\/div>\n<div style=\"width: 650px\" class=\"wp-caption aligncenter\"><img loading=\"lazy\" decoding=\"async\" title=\"Nerezov\u00e9 z\u00e1bradlie\" src=\"https:\/\/lh3.googleusercontent.com\/-VHgdkyUURRY\/TwivWFtOJ1I\/AAAAAAAABC0\/DqqxDtWCP8c\/s640\/zus%2520snina%2520004.JPG\" alt=\"Nerezov\u00e9 z\u00e1bradlie\" width=\"640\" height=\"480\" \/><p class=\"wp-caption-text\">Nerezov\u00e9 z\u00e1bradlie<\/p><\/div>\n","protected":false},"excerpt":{"rendered":"<p>K zatepleniu a kompletnej obnove bytov\u00e9ho domu patr\u00ed aj oprava balk\u00f3nov a z\u00e1bradl\u00ed. Pon\u00fakame v\u00fdrobu z\u00e1bradl\u00ed a pr\u00edstre\u0161kov na mieru. Vy\u017eiadajte si na\u0161u cenov\u00fa ponuku emailom alebo telefonicky.<\/p>\n","protected":false},"author":1,"featured_media":0,"parent":101,"menu_order":0,"comment_status":"closed","ping_status":"closed","template":"","meta":{"_monsterinsights_skip_tracking":false,"_monsterinsights_sitenote_active":false,"_monsterinsights_sitenote_note":"","_monsterinsights_sitenote_category":0,"footnotes":""},"class_list":["post-440","page","type-page","status-publish","hentry"],"yoast_head":"<!-- This site is optimized with the Yoast SEO plugin v26.1.1 - https:\/\/yoast.com\/wordpress\/plugins\/seo\/ -->\n<title>Balk\u00f3nov\u00e9 z\u00e1bradlia - ebau.sk zatep\u013eovanie budov<\/title>\n<meta name=\"robots\" content=\"index, follow, max-snippet:-1, max-image-preview:large, max-video-preview:-1\" \/>\n<link rel=\"canonical\" href=\"https:\/\/www.ebau.sk\/?page_id=440\" \/>\n<meta property=\"og:locale\" content=\"sk_SK\" \/>\n<meta property=\"og:type\" content=\"article\" \/>\n<meta property=\"og:title\" content=\"Balk\u00f3nov\u00e9 z\u00e1bradlia - ebau.sk zatep\u013eovanie budov\" \/>\n<meta property=\"og:description\" content=\"K zatepleniu a kompletnej obnove bytov\u00e9ho domu patr\u00ed aj oprava balk\u00f3nov a z\u00e1bradl\u00ed. Pon\u00fakame v\u00fdrobu z\u00e1bradl\u00ed a pr\u00edstre\u0161kov na mieru. Vy\u017eiadajte si na\u0161u cenov\u00fa ponuku emailom alebo telefonicky.\" \/>\n<meta property=\"og:url\" content=\"https:\/\/www.ebau.sk\/?page_id=440\" \/>\n<meta property=\"og:site_name\" content=\"ebau.sk zatep\u013eovanie budov\" \/>\n<meta property=\"og:image\" content=\"https:\/\/lh4.googleusercontent.com\/-nhl8H6KrzZA\/TvIFiyGe1JI\/AAAAAAAAAy0\/rfP7JOTmumM\/s640\/IMG_6939.JPG\" \/>\n<meta name=\"twitter:card\" content=\"summary_large_image\" \/>\n<script type=\"application\/ld+json\" class=\"yoast-schema-graph\">{\"@context\":\"https:\/\/schema.org\",\"@graph\":[{\"@type\":\"WebPage\",\"@id\":\"https:\/\/www.ebau.sk\/?page_id=440\",\"url\":\"https:\/\/www.ebau.sk\/?page_id=440\",\"name\":\"Balk\u00f3nov\u00e9 z\u00e1bradlia - ebau.sk zatep\u013eovanie budov\",\"isPartOf\":{\"@id\":\"https:\/\/www.ebau.sk\/#website\"},\"primaryImageOfPage\":{\"@id\":\"https:\/\/www.ebau.sk\/?page_id=440#primaryimage\"},\"image\":{\"@id\":\"https:\/\/www.ebau.sk\/?page_id=440#primaryimage\"},\"thumbnailUrl\":\"https:\/\/lh4.googleusercontent.com\/-nhl8H6KrzZA\/TvIFiyGe1JI\/AAAAAAAAAy0\/rfP7JOTmumM\/s640\/IMG_6939.JPG\",\"datePublished\":\"2012-04-25T00:28:32+00:00\",\"breadcrumb\":{\"@id\":\"https:\/\/www.ebau.sk\/?page_id=440#breadcrumb\"},\"inLanguage\":\"sk-SK\",\"potentialAction\":[{\"@type\":\"ReadAction\",\"target\":[\"https:\/\/www.ebau.sk\/?page_id=440\"]}]},{\"@type\":\"ImageObject\",\"inLanguage\":\"sk-SK\",\"@id\":\"https:\/\/www.ebau.sk\/?page_id=440#primaryimage\",\"url\":\"https:\/\/lh4.googleusercontent.com\/-nhl8H6KrzZA\/TvIFiyGe1JI\/AAAAAAAAAy0\/rfP7JOTmumM\/s640\/IMG_6939.JPG\",\"contentUrl\":\"https:\/\/lh4.googleusercontent.com\/-nhl8H6KrzZA\/TvIFiyGe1JI\/AAAAAAAAAy0\/rfP7JOTmumM\/s640\/IMG_6939.JPG\"},{\"@type\":\"BreadcrumbList\",\"@id\":\"https:\/\/www.ebau.sk\/?page_id=440#breadcrumb\",\"itemListElement\":[{\"@type\":\"ListItem\",\"position\":1,\"name\":\"Home\",\"item\":\"https:\/\/www.ebau.sk\/\"},{\"@type\":\"ListItem\",\"position\":2,\"name\":\"Referencie\",\"item\":\"https:\/\/www.ebau.sk\/?page_id=101\"},{\"@type\":\"ListItem\",\"position\":3,\"name\":\"Balk\u00f3nov\u00e9 z\u00e1bradlia\"}]},{\"@type\":\"WebSite\",\"@id\":\"https:\/\/www.ebau.sk\/#website\",\"url\":\"https:\/\/www.ebau.sk\/\",\"name\":\"ebau.sk zatep\u013eovanie budov\",\"description\":\"Zatep\u013eovanie zatep\u013eovac\u00edmi syst\u00e9mami BASF, Baumit, Stomix, Weber Terranova\",\"potentialAction\":[{\"@type\":\"SearchAction\",\"target\":{\"@type\":\"EntryPoint\",\"urlTemplate\":\"https:\/\/www.ebau.sk\/?s={search_term_string}\"},\"query-input\":{\"@type\":\"PropertyValueSpecification\",\"valueRequired\":true,\"valueName\":\"search_term_string\"}}],\"inLanguage\":\"sk-SK\"}]}<\/script>\n<!-- \/ Yoast SEO plugin. -->","yoast_head_json":{"title":"Balk\u00f3nov\u00e9 z\u00e1bradlia - ebau.sk zatep\u013eovanie budov","robots":{"index":"index","follow":"follow","max-snippet":"max-snippet:-1","max-image-preview":"max-image-preview:large","max-video-preview":"max-video-preview:-1"},"canonical":"https:\/\/www.ebau.sk\/?page_id=440","og_locale":"sk_SK","og_type":"article","og_title":"Balk\u00f3nov\u00e9 z\u00e1bradlia - ebau.sk zatep\u013eovanie budov","og_description":"K zatepleniu a kompletnej obnove bytov\u00e9ho domu patr\u00ed aj oprava balk\u00f3nov a z\u00e1bradl\u00ed. Pon\u00fakame v\u00fdrobu z\u00e1bradl\u00ed a pr\u00edstre\u0161kov na mieru. Vy\u017eiadajte si na\u0161u cenov\u00fa ponuku emailom alebo telefonicky.","og_url":"https:\/\/www.ebau.sk\/?page_id=440","og_site_name":"ebau.sk zatep\u013eovanie budov","og_image":[{"url":"https:\/\/lh4.googleusercontent.com\/-nhl8H6KrzZA\/TvIFiyGe1JI\/AAAAAAAAAy0\/rfP7JOTmumM\/s640\/IMG_6939.JPG","type":"","width":"","height":""}],"twitter_card":"summary_large_image","schema":{"@context":"https:\/\/schema.org","@graph":[{"@type":"WebPage","@id":"https:\/\/www.ebau.sk\/?page_id=440","url":"https:\/\/www.ebau.sk\/?page_id=440","name":"Balk\u00f3nov\u00e9 z\u00e1bradlia - ebau.sk zatep\u013eovanie budov","isPartOf":{"@id":"https:\/\/www.ebau.sk\/#website"},"primaryImageOfPage":{"@id":"https:\/\/www.ebau.sk\/?page_id=440#primaryimage"},"image":{"@id":"https:\/\/www.ebau.sk\/?page_id=440#primaryimage"},"thumbnailUrl":"https:\/\/lh4.googleusercontent.com\/-nhl8H6KrzZA\/TvIFiyGe1JI\/AAAAAAAAAy0\/rfP7JOTmumM\/s640\/IMG_6939.JPG","datePublished":"2012-04-25T00:28:32+00:00","breadcrumb":{"@id":"https:\/\/www.ebau.sk\/?page_id=440#breadcrumb"},"inLanguage":"sk-SK","potentialAction":[{"@type":"ReadAction","target":["https:\/\/www.ebau.sk\/?page_id=440"]}]},{"@type":"ImageObject","inLanguage":"sk-SK","@id":"https:\/\/www.ebau.sk\/?page_id=440#primaryimage","url":"https:\/\/lh4.googleusercontent.com\/-nhl8H6KrzZA\/TvIFiyGe1JI\/AAAAAAAAAy0\/rfP7JOTmumM\/s640\/IMG_6939.JPG","contentUrl":"https:\/\/lh4.googleusercontent.com\/-nhl8H6KrzZA\/TvIFiyGe1JI\/AAAAAAAAAy0\/rfP7JOTmumM\/s640\/IMG_6939.JPG"},{"@type":"BreadcrumbList","@id":"https:\/\/www.ebau.sk\/?page_id=440#breadcrumb","itemListElement":[{"@type":"ListItem","position":1,"name":"Home","item":"https:\/\/www.ebau.sk\/"},{"@type":"ListItem","position":2,"name":"Referencie","item":"https:\/\/www.ebau.sk\/?page_id=101"},{"@type":"ListItem","position":3,"name":"Balk\u00f3nov\u00e9 z\u00e1bradlia"}]},{"@type":"WebSite","@id":"https:\/\/www.ebau.sk\/#website","url":"https:\/\/www.ebau.sk\/","name":"ebau.sk zatep\u013eovanie budov","description":"Zatep\u013eovanie zatep\u013eovac\u00edmi syst\u00e9mami BASF, Baumit, Stomix, Weber Terranova","potentialAction":[{"@type":"SearchAction","target":{"@type":"EntryPoint","urlTemplate":"https:\/\/www.ebau.sk\/?s={search_term_string}"},"query-input":{"@type":"PropertyValueSpecification","valueRequired":true,"valueName":"search_term_string"}}],"inLanguage":"sk-SK"}]}},"_links":{"self":[{"href":"https:\/\/www.ebau.sk\/index.php?rest_route=\/wp\/v2\/pages\/440","targetHints":{"allow":["GET"]}}],"collection":[{"href":"https:\/\/www.ebau.sk\/index.php?rest_route=\/wp\/v2\/pages"}],"about":[{"href":"https:\/\/www.ebau.sk\/index.php?rest_route=\/wp\/v2\/types\/page"}],"author":[{"embeddable":true,"href":"https:\/\/www.ebau.sk\/index.php?rest_route=\/wp\/v2\/users\/1"}],"replies":[{"embeddable":true,"href":"https:\/\/www.ebau.sk\/index.php?rest_route=%2Fwp%2Fv2%2Fcomments&post=440"}],"version-history":[{"count":0,"href":"https:\/\/www.ebau.sk\/index.php?rest_route=\/wp\/v2\/pages\/440\/revisions"}],"up":[{"embeddable":true,"href":"https:\/\/www.ebau.sk\/index.php?rest_route=\/wp\/v2\/pages\/101"}],"wp:attachment":[{"href":"https:\/\/www.ebau.sk\/index.php?rest_route=%2Fwp%2Fv2%2Fmedia&parent=440"}],"curies":[{"name":"wp","href":"https:\/\/api.w.org\/{rel}","templated":true}]}}